{"id":3255,"date":"2015-08-03T13:30:46","date_gmt":"2015-08-03T13:30:46","guid":{"rendered":"http:\/\/fabwl.de\/?page_id=3255"},"modified":"2025-06-04T13:08:33","modified_gmt":"2025-06-04T11:08:33","slug":"impressum","status":"publish","type":"page","link":"https:\/\/businessimpulse.net\/podcasts\/impressum\/","title":{"rendered":"Impressum"},"content":{"rendered":"<p>[et_pb_section fb_built=&#8220;1&#8243; admin_label=&#8220;section&#8220; _builder_version=&#8220;4.16&#8243; global_colors_info=&#8220;{}&#8220;][et_pb_row column_structure=&#8220;2_3,1_3&#8243; admin_label=&#8220;row&#8220; _builder_version=&#8220;4.16&#8243; background_size=&#8220;initial&#8220; background_position=&#8220;top_left&#8220; background_repeat=&#8220;repeat&#8220; global_colors_info=&#8220;{}&#8220;][et_pb_column type=&#8220;2_3&#8243; _builder_version=&#8220;4.16&#8243; custom_padding=&#8220;|||&#8220; global_colors_info=&#8220;{}&#8220; custom_padding__hover=&#8220;|||&#8220;][et_pb_text admin_label=&#8220;Text&#8220; _builder_version=&#8220;4.27.4&#8243; link_text_color=&#8220;gcid-6bbaf0de-b6bd-44dc-aa0c-dbf96a981c42&#8243; background_size=&#8220;initial&#8220; background_position=&#8220;top_left&#8220; background_repeat=&#8220;repeat&#8220; hover_enabled=&#8220;0&#8243; global_colors_info=&#8220;{%22gcid-6bbaf0de-b6bd-44dc-aa0c-dbf96a981c42%22:%91%22link_text_color%22%93}&#8220; sticky_enabled=&#8220;0&#8243;]<\/p>\n<h1>Impressum<\/h1>\n<p>BUSiNESSimpulse ist eine Marke der<br \/>NR.Digital GmbH<br \/>Wohlenbergstr. 4<br \/>30179 Hannover<\/p>\n<h2>Vertreten durch:<\/h2>\n<p>Carsten Meiners<\/p>\n<h2>Kontakt:<\/h2>\n<p>Telefon: 0511 \/ 6766899-0<br \/>E-Mail: <a href=\"mailto:kontakt@businessimpulse.net\">kontakt@businessimpulse.net<\/a><\/p>\n<h2>Registereintrag:<\/h2>\n<p>Eintragung im Handelsregister.<br \/>Registergericht: Hannover<br \/>Registernummer: HRB Nr. 60472<\/p>\n<h2>Umsatzsteuer:<\/h2>\n<p>Umsatzsteuer-Identifikationsnummer gem\u00e4\u00df \u00a727 a Umsatzsteuergesetz:<br \/>DE220024295<\/p>\n<h2>Verantwortlich f\u00fcr den Inhalt nach \u00a7 55 Abs. 2 RStV:<\/h2>\n<p>Carsten Meiners<br \/>NR.Digital GmbH<br \/>Wohlenbergstr. 4<br \/>30179 Hannover<\/p>\n<h2>Streitschlichtung<\/h2>\n<p>Die Europ\u00e4ische Kommission stellt eine Plattform zur Online-Streitbeilegung (OS) bereit: <a href=\"https:\/\/ec.europa.eu\/consumers\/odr\" target=\"_blank\" rel=\"noopener\">https:\/\/ec.europa.eu\/consumers\/odr<\/a>.<br \/>Unsere E-Mail-Adresse finden Sie oben im Impressum.<\/p>\n<p>Wir sind nicht bereit oder verpflichtet, an Streitbeilegungsverfahren vor einer Verbraucherschlichtungsstelle teilzunehmen.<\/p>\n<p>&nbsp;<\/p>\n<h1>Haftungsausschluss (Disclaimer)<\/h1>\n<h3>Urheberrecht<\/h3>\n<p>Die durch die Seitenbetreiber erstellten Inhalte und Werke auf diesen Seiten unterliegen dem deutschen Urheberrecht. Die Vervielf\u00e4ltigung, Bearbeitung, Verbreitung und jede Art der Verwertung au\u00dferhalb der Grenzen des Urheberrechtes bed\u00fcrfen der schriftlichen Zustimmung des jeweiligen Autors bzw. Erstellers. Downloads und Kopien dieser Seite sind nur f\u00fcr den privaten, nicht kommerziellen Gebrauch gestattet.<\/p>\n<p>Soweit die Inhalte auf dieser Seite nicht vom Betreiber erstellt wurden, werden die Urheberrechte Dritter beachtet. Insbesondere werden Inhalte Dritter als solche gekennzeichnet. Sollten Sie trotzdem auf eine Urheberrechtsverletzung aufmerksam werden, bitten wir um einen entsprechenden Hinweis. Bei Bekanntwerden von Rechtsverletzungen werden wir derartige Inhalte umgehend entfernen.<\/p>\n<h4>Quellenangaben f\u00fcr die verwendeten Bilder und Grafiken:<\/h4>\n<p><a href=\"https:\/\/de.fotolia.com\/\">https:\/\/de.fotolia.com\/<\/a><\/p>\n<p>Eigene Bilder<\/p>\n<p>Webseite by <a href=\"http:\/\/nrdigital.de\/\" target=\"_blank\" rel=\"noopener noreferrer\"><u><span style=\"color: #0066cc;\">www.nrdigital.de<\/span><\/u><\/a><\/p>\n<h1><\/h1>\n<p>&nbsp;<\/p>\n<p>[\/et_pb_text][\/et_pb_column][et_pb_column type=&#8220;1_3&#8243; _builder_version=&#8220;4.16&#8243; custom_padding=&#8220;|||&#8220; global_colors_info=&#8220;{}&#8220; custom_padding__hover=&#8220;|||&#8220;][et_pb_sidebar orientation=&#8220;right&#8220; area=&#8220;sidebar-1&#8243; _builder_version=&#8220;4.19.4&#8243; _module_preset=&#8220;default&#8220; global_colors_info=&#8220;{}&#8220;][\/et_pb_sidebar][\/et_pb_column][\/et_pb_row][\/et_pb_section]<\/p>\n","protected":false},"excerpt":{"rendered":"<p>Impressum BUSiNESSimpulse ist eine Marke derNR.Digital GmbHWohlenbergstr. 430179 Hannover Vertreten durch: Carsten Meiners Kontakt: Telefon: 0511 \/ 6766899-0E-Mail: kontakt@businessimpulse.net Registereintrag: Eintragung im Handelsregister.Registergericht: HannoverRegisternummer: HRB Nr. 60472 Umsatzsteuer: Umsatzsteuer-Identifikationsnummer gem\u00e4\u00df [&hellip;]<\/p>\n","protected":false},"author":1,"featured_media":0,"parent":0,"menu_order":0,"comment_status":"open","ping_status":"open","template":"","meta":{"_et_pb_use_builder":"on","_et_pb_old_content":"<h1>Impressum<\/h1>\r\n<h2>Angaben gem\u00e4\u00df \u00a7 5 TMG:<\/h2>\r\n<h2>BUSSINESSimpulse<\/h2>\r\nCarsten Meiners\r\nBUSiNESSimpulse eine Marke der\r\nNR.Digital GmbH\r\nWohlenbergstr. 4\r\n30179 Hannover\r\n<h2>Kontakt:<\/h2>\r\nTelefon: 0511 \/ 6766899-50\r\nTelefax: 0511 \/ 6766899-66\r\nE-Mail: kontakt@businessimpulse.net\r\n<h2>Umsatzsteuer:<\/h2>\r\nUmsatzsteuer-Identifikationsnummer gem\u00e4\u00df \u00a727 a Umsatzsteuergesetz:\r\nDE251907508\r\n<h2>Verantwortlich f\u00fcr den Inhalt nach \u00a7 55 Abs. 2 RStV:<\/h2>\r\nCarsten Meiners\r\nBUSiNESSimpulse eine Marke der\r\nNR.Digital GmbH\r\nWohlenbergstr. 4\r\n30179 Hannover\r\n<h2>Streitschlichtung<\/h2>\r\nDie Europ\u00e4ische Kommission stellt eine Plattform zur Online-Streitbeilegung (OS) bereit: <a href=\"https:\/\/ec.europa.eu\/consumers\/odr\" target=\"_blank\" rel=\"noopener\">https:\/\/ec.europa.eu\/consumers\/odr<\/a>.\r\nUnsere E-Mail-Adresse finden Sie oben im Impressum.\r\n\r\nWir sind nicht bereit oder verpflichtet, an Streitbeilegungsverfahren vor einer Verbraucherschlichtungsstelle teilzunehmen.\r\n\r\n\u00a0\r\n<h1>Haftungsausschluss (Disclaimer)<\/h1>\r\n<h3>Haftung f\u00fcr Inhalte<\/h3>\r\nAls Diensteanbieter sind wir gem\u00e4\u00df \u00a7 7 Abs.1 TMG f\u00fcr eigene Inhalte auf diesen Seiten nach den allgemeinen Gesetzen verantwortlich. Nach \u00a7\u00a7 8 bis 10 TMG sind wir als Diensteanbieter jedoch nicht verpflichtet, \u00fcbermittelte oder gespeicherte fremde Informationen zu \u00fcberwachen oder nach Umst\u00e4nden zu forschen, die auf eine rechtswidrige T\u00e4tigkeit hinweisen.\r\n\r\nVerpflichtungen zur Entfernung oder Sperrung der Nutzung von Informationen nach den allgemeinen Gesetzen bleiben hiervon unber\u00fchrt. Eine diesbez\u00fcgliche Haftung ist jedoch erst ab dem Zeitpunkt der Kenntnis einer konkreten Rechtsverletzung m\u00f6glich. Bei Bekanntwerden von entsprechenden Rechtsverletzungen werden wir diese Inhalte umgehend entfernen.\r\n<h3>Haftung f\u00fcr Links<\/h3>\r\nUnser Angebot enth\u00e4lt Links zu externen Websites Dritter, auf deren Inhalte wir keinen Einfluss haben. Deshalb k\u00f6nnen wir f\u00fcr diese fremden Inhalte auch keine Gew\u00e4hr \u00fcbernehmen. F\u00fcr die Inhalte der verlinkten Seiten ist stets der jeweilige Anbieter oder Betreiber der Seiten verantwortlich. Die verlinkten Seiten wurden zum Zeitpunkt der Verlinkung auf m\u00f6gliche Rechtsverst\u00f6\u00dfe \u00fcberpr\u00fcft. Rechtswidrige Inhalte waren zum Zeitpunkt der Verlinkung nicht erkennbar.\r\n\r\nEine permanente inhaltliche Kontrolle der verlinkten Seiten ist jedoch ohne konkrete Anhaltspunkte einer Rechtsverletzung nicht zumutbar. Bei Bekanntwerden von Rechtsverletzungen werden wir derartige Links umgehend entfernen.\r\n<h3>Urheberrecht<\/h3>\r\nDie durch die Seitenbetreiber erstellten Inhalte und Werke auf diesen Seiten unterliegen dem deutschen Urheberrecht. Die Vervielf\u00e4ltigung, Bearbeitung, Verbreitung und jede Art der Verwertung au\u00dferhalb der Grenzen des Urheberrechtes bed\u00fcrfen der schriftlichen Zustimmung des jeweiligen Autors bzw. Erstellers. Downloads und Kopien dieser Seite sind nur f\u00fcr den privaten, nicht kommerziellen Gebrauch gestattet.\r\n\r\nSoweit die Inhalte auf dieser Seite nicht vom Betreiber erstellt wurden, werden die Urheberrechte Dritter beachtet. Insbesondere werden Inhalte Dritter als solche gekennzeichnet. Sollten Sie trotzdem auf eine Urheberrechtsverletzung aufmerksam werden, bitten wir um einen entsprechenden Hinweis. Bei Bekanntwerden von Rechtsverletzungen werden wir derartige Inhalte umgehend entfernen.\r\n<h4>Quellenangaben f\u00fcr die verwendeten Bilder und Grafiken:<\/h4>\r\n<a href=\"https:\/\/de.fotolia.com\/\">https:\/\/de.fotolia.com\/<\/a>\r\n\r\nEigene Bilder\r\n\r\nWebseite by <a href=\"http:\/\/nrdigital.de\/\" target=\"_blank\" rel=\"noopener noreferrer\"><u><span style=\"color: #0066cc;\">www.nrdigital.de<\/span><\/u><\/a>\r\n<h1><\/h1>\r\n\u00a0","_et_gb_content_width":"","inline_featured_image":false,"jetpack_post_was_ever_published":false,"footnotes":""},"class_list":["post-3255","page","type-page","status-publish","hentry"],"aioseo_notices":[],"jetpack_sharing_enabled":true,"jetpack_shortlink":"https:\/\/wp.me\/P78w5R-Qv","_links":{"self":[{"href":"https:\/\/businessimpulse.net\/podcasts\/wp-json\/wp\/v2\/pages\/3255","targetHints":{"allow":["GET"]}}],"collection":[{"href":"https:\/\/businessimpulse.net\/podcasts\/wp-json\/wp\/v2\/pages"}],"about":[{"href":"https:\/\/businessimpulse.net\/podcasts\/wp-json\/wp\/v2\/types\/page"}],"author":[{"embeddable":true,"href":"https:\/\/businessimpulse.net\/podcasts\/wp-json\/wp\/v2\/users\/1"}],"replies":[{"embeddable":true,"href":"https:\/\/businessimpulse.net\/podcasts\/wp-json\/wp\/v2\/comments?post=3255"}],"version-history":[{"count":21,"href":"https:\/\/businessimpulse.net\/podcasts\/wp-json\/wp\/v2\/pages\/3255\/revisions"}],"predecessor-version":[{"id":5952,"href":"https:\/\/businessimpulse.net\/podcasts\/wp-json\/wp\/v2\/pages\/3255\/revisions\/5952"}],"wp:attachment":[{"href":"https:\/\/businessimpulse.net\/podcasts\/wp-json\/wp\/v2\/media?parent=3255"}],"curies":[{"name":"wp","href":"https:\/\/api.w.org\/{rel}","templated":true}]}}